{"id":6424,"date":"2026-04-05T21:02:38","date_gmt":"2026-04-06T00:02:38","guid":{"rendered":"https:\/\/catalog.hcrepresentations.com\/product\/base-mega-fortalecedora-uze-nails\/"},"modified":"2026-04-05T21:02:38","modified_gmt":"2026-04-06T00:02:38","slug":"base-mega-fortalecedora-uze-nails","status":"publish","type":"product","link":"https:\/\/catalog.hcrepresentations.com\/pt\/produto\/base-mega-fortalecedora-uze-nails\/","title":{"rendered":"Base Mega Fortalecedora Uze Nails"},"content":{"rendered":"","protected":false},"excerpt":{"rendered":"<p>Base Mega Fortalecedora Uze Nails Cores da Amaz\u00f4nia<\/p>\n<p>Base tradicional desenvolvida para fortalecer e proteger as unhas no dia a dia. Ajuda a aumentar a resist\u00eancia, melhorar a durabilidade da esmalta\u00e7\u00e3o tradicional e preparar a unha para receber a cor, garantindo um acabamento mais uniforme e bonito.<\/p>","protected":false},"featured_media":6423,"comment_status":"open","ping_status":"closed","template":"","meta":[],"product_brand":[],"product_cat":[137],"product_tag":[],"class_list":{"0":"post-6424","1":"product","2":"type-product","3":"status-publish","4":"has-post-thumbnail","6":"product_cat-uze","8":"first","9":"instock","10":"sale","11":"taxable","12":"shipping-taxable","13":"purchasable","14":"product-type-simple"},"_links":{"self":[{"href":"https:\/\/catalog.hcrepresentations.com\/pt\/wp-json\/wp\/v2\/product\/6424","targetHints":{"allow":["GET"]}}],"collection":[{"href":"https:\/\/catalog.hcrepresentations.com\/pt\/wp-json\/wp\/v2\/product"}],"about":[{"href":"https:\/\/catalog.hcrepresentations.com\/pt\/wp-json\/wp\/v2\/types\/product"}],"replies":[{"embeddable":true,"href":"https:\/\/catalog.hcrepresentations.com\/pt\/wp-json\/wp\/v2\/comments?post=6424"}],"wp:featuredmedia":[{"embeddable":true,"href":"https:\/\/catalog.hcrepresentations.com\/pt\/wp-json\/wp\/v2\/media\/6423"}],"wp:attachment":[{"href":"https:\/\/catalog.hcrepresentations.com\/pt\/wp-json\/wp\/v2\/media?parent=6424"}],"wp:term":[{"taxonomy":"product_brand","embeddable":true,"href":"https:\/\/catalog.hcrepresentations.com\/pt\/wp-json\/wp\/v2\/product_brand?post=6424"},{"taxonomy":"product_cat","embeddable":true,"href":"https:\/\/catalog.hcrepresentations.com\/pt\/wp-json\/wp\/v2\/product_cat?post=6424"},{"taxonomy":"product_tag","embeddable":true,"href":"https:\/\/catalog.hcrepresentations.com\/pt\/wp-json\/wp\/v2\/product_tag?post=6424"}],"curies":[{"name":"wp","href":"https:\/\/api.w.org\/{rel}","templated":true}]}}