{"id":6342,"date":"2026-03-13T14:40:59","date_gmt":"2026-03-13T17:40:59","guid":{"rendered":"https:\/\/catalog.hcrepresentations.com\/product\/gel-gummy-cream-pink-30g\/"},"modified":"2026-04-15T10:06:22","modified_gmt":"2026-04-15T13:06:22","slug":"gel-gummy-cream-pink-30g","status":"publish","type":"product","link":"https:\/\/catalog.hcrepresentations.com\/pt\/produto\/gel-gummy-cream-pink-30g\/","title":{"rendered":"Gel Gummy Cream Rosa 30g"},"content":{"rendered":"","protected":false},"excerpt":{"rendered":"<p>O Gel Gummy Bluwe Cream Pink 30 g \u00e9 um produto exclusivo, desenvolvido para oferecer m\u00e1ximo controle e performance na mesa. Sua f\u00f3rmula com part\u00edculas s\u00f3lidas proporciona viscosidade ideal e consist\u00eancia firme, facilitando a aplica\u00e7\u00e3o inclusive para profissionais iniciantes. Autonivelante, ele n\u00e3o escorre com facilidade e \u00e9 perfeito para t\u00e9cnicas com Molde F1, garantindo mais precis\u00e3o na constru\u00e7\u00e3o. Conta ainda com a Tecnologia CurvaturaSmart, que preserva a mem\u00f3ria de curvatura da unha por muito mais tempo, assegurando estrutura e durabilidade. Na cor Cream Pink, um tom transl\u00facido rosado, entrega cobertura elegante e acabamento sofisticado.<\/p>","protected":false},"featured_media":6339,"comment_status":"open","ping_status":"closed","template":"","meta":[],"product_brand":[],"product_cat":[98],"product_tag":[],"class_list":{"0":"post-6342","1":"product","2":"type-product","3":"status-publish","4":"has-post-thumbnail","6":"product_cat-bluwe","8":"first","9":"instock","10":"sale","11":"taxable","12":"shipping-taxable","13":"purchasable","14":"product-type-simple"},"_links":{"self":[{"href":"https:\/\/catalog.hcrepresentations.com\/pt\/wp-json\/wp\/v2\/product\/6342","targetHints":{"allow":["GET"]}}],"collection":[{"href":"https:\/\/catalog.hcrepresentations.com\/pt\/wp-json\/wp\/v2\/product"}],"about":[{"href":"https:\/\/catalog.hcrepresentations.com\/pt\/wp-json\/wp\/v2\/types\/product"}],"replies":[{"embeddable":true,"href":"https:\/\/catalog.hcrepresentations.com\/pt\/wp-json\/wp\/v2\/comments?post=6342"}],"wp:featuredmedia":[{"embeddable":true,"href":"https:\/\/catalog.hcrepresentations.com\/pt\/wp-json\/wp\/v2\/media\/6339"}],"wp:attachment":[{"href":"https:\/\/catalog.hcrepresentations.com\/pt\/wp-json\/wp\/v2\/media?parent=6342"}],"wp:term":[{"taxonomy":"product_brand","embeddable":true,"href":"https:\/\/catalog.hcrepresentations.com\/pt\/wp-json\/wp\/v2\/product_brand?post=6342"},{"taxonomy":"product_cat","embeddable":true,"href":"https:\/\/catalog.hcrepresentations.com\/pt\/wp-json\/wp\/v2\/product_cat?post=6342"},{"taxonomy":"product_tag","embeddable":true,"href":"https:\/\/catalog.hcrepresentations.com\/pt\/wp-json\/wp\/v2\/product_tag?post=6342"}],"curies":[{"name":"wp","href":"https:\/\/api.w.org\/{rel}","templated":true}]}}