{"id":6283,"date":"2026-02-24T14:15:24","date_gmt":"2026-02-24T17:15:24","guid":{"rendered":"https:\/\/catalog.hcrepresentations.com\/product\/pos-cromados-pirimpimpim-ii-edicao-especial\/"},"modified":"2026-04-20T12:14:42","modified_gmt":"2026-04-20T15:14:42","slug":"pos-cromados-pirimpimpim-ii-edicao-especial","status":"publish","type":"product","link":"https:\/\/catalog.hcrepresentations.com\/pt\/produto\/pos-cromados-pirimpimpim-ii-edicao-especial\/","title":{"rendered":"P\u00f3s Cromados Pirimpimpim II - Edi\u00e7\u00e3o Especial"},"content":{"rendered":"","protected":false},"excerpt":{"rendered":"<p>O Kit de P\u00f3s Cromados Pirimpimpim II \u00e9 composto por 4 op\u00e7\u00f5es de cores:<\/p>\n<p>Hope (efeito branco)<br \/>\nUhul (efeito prata)<br \/>\nDesejo (efeito dourado)<br \/>\nYuppi (efeito furta-cor).<br \/>\nEm um s\u00f3 Kit, o cliente recebe 4 produtos de efeito refletivo multicolorido - cada um com uma tonalidade diferente, feita para te fazer brilhar. Sua alta versatilidade permite a aplica\u00e7\u00e3o \u00fanica ou em alguma nail art, com garantia de nivelamento \u00e0 unha natural com muito brilho e cores diversas.<\/p>\n<p>Quando usar os P\u00f3s Cromados Pirimpimpim II?<\/p>\n<p>Os P\u00f3s Cromados do Kit Pirimpimpim II podem ser usados em uma das etapas finais do procedimento para garantir brilho e um efeito espelhado. Ele \u00e9 super vers\u00e1til, podendo ser usado tanto sozinho quanto em detalhes de nail arts.<\/p>\n<p>Diferenciais:<\/p>\n<p>Ultrafino;<br \/>\nBrilhante;<br \/>\nEfeito espelhado;<br \/>\nFica nivelado quando aplicado;<br \/>\nVers\u00e1til;<br \/>\nPerfeito para Nail Arts.<br \/>\nCOR: Uhul, Hope, Wish e Yuppi.<\/p>","protected":false},"featured_media":6284,"comment_status":"closed","ping_status":"closed","template":"","meta":[],"product_brand":[],"product_cat":[98],"product_tag":[],"class_list":{"0":"post-6283","1":"product","2":"type-product","3":"status-publish","4":"has-post-thumbnail","6":"product_cat-bluwe","8":"first","9":"instock","10":"taxable","11":"shipping-taxable","12":"purchasable","13":"product-type-simple"},"_links":{"self":[{"href":"https:\/\/catalog.hcrepresentations.com\/pt\/wp-json\/wp\/v2\/product\/6283","targetHints":{"allow":["GET"]}}],"collection":[{"href":"https:\/\/catalog.hcrepresentations.com\/pt\/wp-json\/wp\/v2\/product"}],"about":[{"href":"https:\/\/catalog.hcrepresentations.com\/pt\/wp-json\/wp\/v2\/types\/product"}],"replies":[{"embeddable":true,"href":"https:\/\/catalog.hcrepresentations.com\/pt\/wp-json\/wp\/v2\/comments?post=6283"}],"wp:featuredmedia":[{"embeddable":true,"href":"https:\/\/catalog.hcrepresentations.com\/pt\/wp-json\/wp\/v2\/media\/6284"}],"wp:attachment":[{"href":"https:\/\/catalog.hcrepresentations.com\/pt\/wp-json\/wp\/v2\/media?parent=6283"}],"wp:term":[{"taxonomy":"product_brand","embeddable":true,"href":"https:\/\/catalog.hcrepresentations.com\/pt\/wp-json\/wp\/v2\/product_brand?post=6283"},{"taxonomy":"product_cat","embeddable":true,"href":"https:\/\/catalog.hcrepresentations.com\/pt\/wp-json\/wp\/v2\/product_cat?post=6283"},{"taxonomy":"product_tag","embeddable":true,"href":"https:\/\/catalog.hcrepresentations.com\/pt\/wp-json\/wp\/v2\/product_tag?post=6283"}],"curies":[{"name":"wp","href":"https:\/\/api.w.org\/{rel}","templated":true}]}}