{"id":6145,"date":"2026-01-27T23:30:04","date_gmt":"2026-01-28T02:30:04","guid":{"rendered":"https:\/\/catalog.hcrepresentations.com\/product\/super-shine-gel-30g\/"},"modified":"2026-02-12T21:21:38","modified_gmt":"2026-02-13T00:21:38","slug":"super-shine-gel-30g","status":"publish","type":"product","link":"https:\/\/catalog.hcrepresentations.com\/pt\/produto\/super-shine-gel-30g\/","title":{"rendered":"Gel Super Shine 30g"},"content":{"rendered":"","protected":false},"excerpt":{"rendered":"<p>O Super Shine Gel da Bluwe \u00e9 um esmalte em gel de alto desempenho que proporciona um brilho ultrabrilhante e duradouro \u00e0s suas unhas. Sua f\u00f3rmula avan\u00e7ada proporciona um acabamento suave e impec\u00e1vel, aprimorando a vibra\u00e7\u00e3o e a profundidade de sua manicure. Eleve o n\u00edvel de suas unhas com o Super Shine Gel e aproveite o brilho e a durabilidade superiores.<\/p>","protected":false},"featured_media":2577,"comment_status":"closed","ping_status":"closed","template":"","meta":[],"product_brand":[],"product_cat":[98],"product_tag":[],"class_list":{"0":"post-6145","1":"product","2":"type-product","3":"status-publish","4":"has-post-thumbnail","6":"product_cat-bluwe","8":"first","9":"instock","10":"taxable","11":"shipping-taxable","12":"purchasable","13":"product-type-simple"},"_links":{"self":[{"href":"https:\/\/catalog.hcrepresentations.com\/pt\/wp-json\/wp\/v2\/product\/6145","targetHints":{"allow":["GET"]}}],"collection":[{"href":"https:\/\/catalog.hcrepresentations.com\/pt\/wp-json\/wp\/v2\/product"}],"about":[{"href":"https:\/\/catalog.hcrepresentations.com\/pt\/wp-json\/wp\/v2\/types\/product"}],"replies":[{"embeddable":true,"href":"https:\/\/catalog.hcrepresentations.com\/pt\/wp-json\/wp\/v2\/comments?post=6145"}],"wp:featuredmedia":[{"embeddable":true,"href":"https:\/\/catalog.hcrepresentations.com\/pt\/wp-json\/wp\/v2\/media\/2577"}],"wp:attachment":[{"href":"https:\/\/catalog.hcrepresentations.com\/pt\/wp-json\/wp\/v2\/media?parent=6145"}],"wp:term":[{"taxonomy":"product_brand","embeddable":true,"href":"https:\/\/catalog.hcrepresentations.com\/pt\/wp-json\/wp\/v2\/product_brand?post=6145"},{"taxonomy":"product_cat","embeddable":true,"href":"https:\/\/catalog.hcrepresentations.com\/pt\/wp-json\/wp\/v2\/product_cat?post=6145"},{"taxonomy":"product_tag","embeddable":true,"href":"https:\/\/catalog.hcrepresentations.com\/pt\/wp-json\/wp\/v2\/product_tag?post=6145"}],"curies":[{"name":"wp","href":"https:\/\/api.w.org\/{rel}","templated":true}]}}