{"id":6143,"date":"2026-01-27T23:29:46","date_gmt":"2026-01-28T02:29:46","guid":{"rendered":"https:\/\/catalog.hcrepresentations.com\/product\/super-clear-gel-by-bluwe\/"},"modified":"2026-01-27T23:29:46","modified_gmt":"2026-01-28T02:29:46","slug":"super-clear-gel-by-bluwe","status":"publish","type":"product","link":"https:\/\/catalog.hcrepresentations.com\/pt\/produto\/super-clear-gel-by-bluwe\/","title":{"rendered":"Gel Super Clear da Bluwe"},"content":{"rendered":"","protected":false},"excerpt":{"rendered":"<p>O Super Clear Gel da Bluwe \u00e9 um produto em gel de alta qualidade que oferece um acabamento cristalino e transparente para suas unhas. Esse gel vers\u00e1til foi projetado para proporcionar uma apar\u00eancia impec\u00e1vel e v\u00edtrea, real\u00e7ando a beleza natural da sua manicure.<\/p>","protected":false},"featured_media":2675,"comment_status":"closed","ping_status":"closed","template":"","meta":[],"product_brand":[],"product_cat":[98],"product_tag":[],"class_list":{"0":"post-6143","1":"product","2":"type-product","3":"status-publish","4":"has-post-thumbnail","6":"product_cat-bluwe","8":"first","9":"instock","10":"taxable","11":"shipping-taxable","12":"purchasable","13":"product-type-simple"},"_links":{"self":[{"href":"https:\/\/catalog.hcrepresentations.com\/pt\/wp-json\/wp\/v2\/product\/6143","targetHints":{"allow":["GET"]}}],"collection":[{"href":"https:\/\/catalog.hcrepresentations.com\/pt\/wp-json\/wp\/v2\/product"}],"about":[{"href":"https:\/\/catalog.hcrepresentations.com\/pt\/wp-json\/wp\/v2\/types\/product"}],"replies":[{"embeddable":true,"href":"https:\/\/catalog.hcrepresentations.com\/pt\/wp-json\/wp\/v2\/comments?post=6143"}],"wp:featuredmedia":[{"embeddable":true,"href":"https:\/\/catalog.hcrepresentations.com\/pt\/wp-json\/wp\/v2\/media\/2675"}],"wp:attachment":[{"href":"https:\/\/catalog.hcrepresentations.com\/pt\/wp-json\/wp\/v2\/media?parent=6143"}],"wp:term":[{"taxonomy":"product_brand","embeddable":true,"href":"https:\/\/catalog.hcrepresentations.com\/pt\/wp-json\/wp\/v2\/product_brand?post=6143"},{"taxonomy":"product_cat","embeddable":true,"href":"https:\/\/catalog.hcrepresentations.com\/pt\/wp-json\/wp\/v2\/product_cat?post=6143"},{"taxonomy":"product_tag","embeddable":true,"href":"https:\/\/catalog.hcrepresentations.com\/pt\/wp-json\/wp\/v2\/product_tag?post=6143"}],"curies":[{"name":"wp","href":"https:\/\/api.w.org\/{rel}","templated":true}]}}