{"id":6108,"date":"2026-01-27T20:51:58","date_gmt":"2026-01-27T23:51:58","guid":{"rendered":"https:\/\/catalog.hcrepresentations.com\/product\/liquigel\/"},"modified":"2026-01-27T20:51:58","modified_gmt":"2026-01-27T23:51:58","slug":"liquigel","status":"publish","type":"product","link":"https:\/\/catalog.hcrepresentations.com\/pt\/produto\/liquigel\/","title":{"rendered":"LiquiGel"},"content":{"rendered":"","protected":false},"excerpt":{"rendered":"<p>Pioneiro no mercado, o LiquiGel da Bluwe \u00e9 uma inova\u00e7\u00e3o no universo das unhas. Com ele, voc\u00ea pode ajustar a viscosidade do produto conforme desejar. Adicione algumas gotas de LiquiGel ao seu produto e ele se tornar\u00e1 menos viscoso (mais l\u00edquido). Como m\u00e1gica!<\/p>\n<p>COMO USAR: Recomenda-se adicionar aproximadamente 10 gotas se voc\u00ea quiser reduzir ligeiramente a viscosidade. Se voc\u00ea quiser uma redu\u00e7\u00e3o significativa da viscosidade, use mais de 10 gotas. Deixe descansar. Pode ser usado em Top Coats, Camouflage e Bluwe Gels.<\/p>","protected":false},"featured_media":2771,"comment_status":"closed","ping_status":"closed","template":"","meta":[],"product_brand":[],"product_cat":[98],"product_tag":[],"class_list":{"0":"post-6108","1":"product","2":"type-product","3":"status-publish","4":"has-post-thumbnail","6":"product_cat-bluwe","8":"first","9":"instock","10":"taxable","11":"shipping-taxable","12":"purchasable","13":"product-type-simple"},"_links":{"self":[{"href":"https:\/\/catalog.hcrepresentations.com\/pt\/wp-json\/wp\/v2\/product\/6108","targetHints":{"allow":["GET"]}}],"collection":[{"href":"https:\/\/catalog.hcrepresentations.com\/pt\/wp-json\/wp\/v2\/product"}],"about":[{"href":"https:\/\/catalog.hcrepresentations.com\/pt\/wp-json\/wp\/v2\/types\/product"}],"replies":[{"embeddable":true,"href":"https:\/\/catalog.hcrepresentations.com\/pt\/wp-json\/wp\/v2\/comments?post=6108"}],"wp:featuredmedia":[{"embeddable":true,"href":"https:\/\/catalog.hcrepresentations.com\/pt\/wp-json\/wp\/v2\/media\/2771"}],"wp:attachment":[{"href":"https:\/\/catalog.hcrepresentations.com\/pt\/wp-json\/wp\/v2\/media?parent=6108"}],"wp:term":[{"taxonomy":"product_brand","embeddable":true,"href":"https:\/\/catalog.hcrepresentations.com\/pt\/wp-json\/wp\/v2\/product_brand?post=6108"},{"taxonomy":"product_cat","embeddable":true,"href":"https:\/\/catalog.hcrepresentations.com\/pt\/wp-json\/wp\/v2\/product_cat?post=6108"},{"taxonomy":"product_tag","embeddable":true,"href":"https:\/\/catalog.hcrepresentations.com\/pt\/wp-json\/wp\/v2\/product_tag?post=6108"}],"curies":[{"name":"wp","href":"https:\/\/api.w.org\/{rel}","templated":true}]}}