{"id":6091,"date":"2026-01-27T20:17:37","date_gmt":"2026-01-27T23:17:37","guid":{"rendered":"https:\/\/catalog.hcrepresentations.com\/product\/po-de-pirimpompom-glitter-collection-kit\/"},"modified":"2026-02-19T15:08:36","modified_gmt":"2026-02-19T18:08:36","slug":"po-de-pirimpompom-glitter-collection-kit","status":"publish","type":"product","link":"https:\/\/catalog.hcrepresentations.com\/pt\/produto\/po-de-pirimpompom-glitter-collection-kit\/","title":{"rendered":"Kit de Cole\u00e7\u00e3o de Glitter P\u00f3 de Pirimpompom"},"content":{"rendered":"","protected":false},"excerpt":{"rendered":"<p>Apresentamos o Kit de Cole\u00e7\u00e3o de Glitter \"P\u00f3 de Pirimpompom\", com flocos de pigmento ultrafinos que levar\u00e3o sua arte de unha a um n\u00edvel totalmente novo de brilho. Esses flocos s\u00e3o t\u00e3o incrivelmente finos que ficam perfeitamente planos na unha, criando um efeito perfeito e hipnotizante. Imagine folhas cintilantes e iridescentes semelhantes a ouro dan\u00e7ando em suas unhas, refletindo uma infinidade de cores onde quer que voc\u00ea vire a m\u00e3o.<\/p>\n<p>O charme dessa cole\u00e7\u00e3o est\u00e1 nos hipnotizantes reflexos multicoloridos que s\u00e3o delicadamente finos, oferecendo um toque m\u00e1gico a qualquer design de unha. Com esses glitters, voc\u00ea pode criar facilmente manicures cativantes e deslumbrantes com um acabamento luxuoso.<\/p>\n<p>A melhor parte? Voc\u00ea pode obter um visual deslumbrante com apenas um Top Coat como toque final. Abrace o brilho da Cole\u00e7\u00e3o Glitter \"P\u00f3 de Pirimpompom\" e transforme sua arte de unhas em uma sinfonia de cores e brilho. Eleve seus designs de unhas a novos patamares com esses flocos de pigmento encantadores e ultrafinos.<\/p>","protected":false},"featured_media":2801,"comment_status":"closed","ping_status":"closed","template":"","meta":[],"product_brand":[],"product_cat":[98],"product_tag":[],"class_list":{"0":"post-6091","1":"product","2":"type-product","3":"status-publish","4":"has-post-thumbnail","6":"product_cat-bluwe","8":"first","9":"instock","10":"taxable","11":"shipping-taxable","12":"purchasable","13":"product-type-simple"},"_links":{"self":[{"href":"https:\/\/catalog.hcrepresentations.com\/pt\/wp-json\/wp\/v2\/product\/6091","targetHints":{"allow":["GET"]}}],"collection":[{"href":"https:\/\/catalog.hcrepresentations.com\/pt\/wp-json\/wp\/v2\/product"}],"about":[{"href":"https:\/\/catalog.hcrepresentations.com\/pt\/wp-json\/wp\/v2\/types\/product"}],"replies":[{"embeddable":true,"href":"https:\/\/catalog.hcrepresentations.com\/pt\/wp-json\/wp\/v2\/comments?post=6091"}],"wp:featuredmedia":[{"embeddable":true,"href":"https:\/\/catalog.hcrepresentations.com\/pt\/wp-json\/wp\/v2\/media\/2801"}],"wp:attachment":[{"href":"https:\/\/catalog.hcrepresentations.com\/pt\/wp-json\/wp\/v2\/media?parent=6091"}],"wp:term":[{"taxonomy":"product_brand","embeddable":true,"href":"https:\/\/catalog.hcrepresentations.com\/pt\/wp-json\/wp\/v2\/product_brand?post=6091"},{"taxonomy":"product_cat","embeddable":true,"href":"https:\/\/catalog.hcrepresentations.com\/pt\/wp-json\/wp\/v2\/product_cat?post=6091"},{"taxonomy":"product_tag","embeddable":true,"href":"https:\/\/catalog.hcrepresentations.com\/pt\/wp-json\/wp\/v2\/product_tag?post=6091"}],"curies":[{"name":"wp","href":"https:\/\/api.w.org\/{rel}","templated":true}]}}