{"id":5748,"date":"2026-01-27T16:21:02","date_gmt":"2026-01-27T19:21:02","guid":{"rendered":"https:\/\/catalog.hcrepresentations.com\/product\/primer-acido-step-1\/"},"modified":"2026-04-22T18:24:28","modified_gmt":"2026-04-22T21:24:28","slug":"primer-acido-step-1","status":"publish","type":"product","link":"https:\/\/catalog.hcrepresentations.com\/pt\/produto\/primer-acido-step-1\/","title":{"rendered":"Primer \u00c1cido Etapa 1"},"content":{"rendered":"","protected":false},"excerpt":{"rendered":"<p>O Primer \u00c1cido Step 1 da Bluwe \u00e9 um produto com uma f\u00f3rmula inovadora, desenvolvida dentro de<br \/>\n nossos laborat\u00f3rios, que vai agir na etapa de desidrata\u00e7\u00e3o de um natural, al\u00e9m de desengordur\u00e1-la.<br \/>\n Com mat\u00e9rias-primas de alta qualidade, o Primer \u00c1cido deixa o pH da l\u00e2mina mais \u00e1cido na medida<br \/>\n certo, sem correr o risco de danificar a pele ou as unhas do seu cliente.<br \/>\n Para que serve o Primer \u00c1cido da Bluwe?<br \/>\n O Primer \u00c1cido Step 1 \u00e9 desenvolvido em nossos laborat\u00f3rios e tem a fun\u00e7\u00e3o de desidratar e<br \/>\n desengordurar uma unha natural e deixar o pH da l\u00e2mina mais \u00e1cido para ter compatibilidade com o Gel. <\/p>\n<p> Quando usar o Primer \u00c1cido Step 1?<br \/>\n O Primer \u00c1cido para Unha da Bluwe deve ser usado depois do Higienizador e como a primeira etapa da<br \/>\n prepara\u00e7\u00e3o qu\u00edmica da unha.<br \/>\n Diferenciais<br \/>\n Formula\u00e7\u00e3o inovadora;<br \/>\n Mat\u00e9rias-primas de mais alta qualidade e tecnologia;<br \/>\n M\u00e1xima ader\u00eancia em todos os tipos de unhas, incluindo as unhas mais exigentes, como as finas e oleosas.<\/p>","protected":false},"featured_media":4827,"comment_status":"closed","ping_status":"closed","template":"","meta":[],"product_brand":[],"product_cat":[98],"product_tag":[],"class_list":{"0":"post-5748","1":"product","2":"type-product","3":"status-publish","4":"has-post-thumbnail","6":"product_cat-bluwe","8":"first","9":"instock","10":"taxable","11":"shipping-taxable","12":"purchasable","13":"product-type-simple"},"_links":{"self":[{"href":"https:\/\/catalog.hcrepresentations.com\/pt\/wp-json\/wp\/v2\/product\/5748","targetHints":{"allow":["GET"]}}],"collection":[{"href":"https:\/\/catalog.hcrepresentations.com\/pt\/wp-json\/wp\/v2\/product"}],"about":[{"href":"https:\/\/catalog.hcrepresentations.com\/pt\/wp-json\/wp\/v2\/types\/product"}],"replies":[{"embeddable":true,"href":"https:\/\/catalog.hcrepresentations.com\/pt\/wp-json\/wp\/v2\/comments?post=5748"}],"wp:featuredmedia":[{"embeddable":true,"href":"https:\/\/catalog.hcrepresentations.com\/pt\/wp-json\/wp\/v2\/media\/4827"}],"wp:attachment":[{"href":"https:\/\/catalog.hcrepresentations.com\/pt\/wp-json\/wp\/v2\/media?parent=5748"}],"wp:term":[{"taxonomy":"product_brand","embeddable":true,"href":"https:\/\/catalog.hcrepresentations.com\/pt\/wp-json\/wp\/v2\/product_brand?post=5748"},{"taxonomy":"product_cat","embeddable":true,"href":"https:\/\/catalog.hcrepresentations.com\/pt\/wp-json\/wp\/v2\/product_cat?post=5748"},{"taxonomy":"product_tag","embeddable":true,"href":"https:\/\/catalog.hcrepresentations.com\/pt\/wp-json\/wp\/v2\/product_tag?post=5748"}],"curies":[{"name":"wp","href":"https:\/\/api.w.org\/{rel}","templated":true}]}}