{"id":5710,"date":"2026-01-27T15:57:21","date_gmt":"2026-01-27T18:57:21","guid":{"rendered":"https:\/\/catalog.hcrepresentations.com\/product\/acelerador-de-catalisacao-fastblu-personalize-1-1-ml\/"},"modified":"2026-01-27T15:57:21","modified_gmt":"2026-01-27T18:57:21","slug":"acelerador-de-catalisacao-fastblu-personalize-1-1-ml","status":"publish","type":"product","link":"https:\/\/catalog.hcrepresentations.com\/pt\/produto\/acelerador-de-catalisacao-fastblu-personalize-1-1-ml\/","title":{"rendered":"Acelerador de Catalisa\u00e7\u00e3o FastBlu"},"content":{"rendered":"","protected":false},"excerpt":{"rendered":"<p>O FastBlu, antigo FastCure, \u00e9 o primeiro produto que acelera a cataliza\u00e7\u00e3o do seu produto em gel. Com<br \/>\n formula\u00e7\u00e3o inovadora e exclusiva, ele se destaca e proporciona para a Nail Designer a possibilidade de<br \/>\n personalizar seus produtos da maneira que preferir.<br \/>\n \u00c9 a personaliza\u00e7\u00e3o e versatilidade na palma da sua m\u00e3o.<br \/>\n Para que serve o FastBlu?<br \/>\n O FastBlu funciona como um acelerador de cataliza\u00e7\u00e3o de gel de unha e top coats, trazendo agilidade<br \/>\n para o seu procedimento.<\/p>","protected":false},"featured_media":4819,"comment_status":"closed","ping_status":"closed","template":"","meta":[],"product_brand":[],"product_cat":[98],"product_tag":[],"class_list":{"0":"post-5710","1":"product","2":"type-product","3":"status-publish","4":"has-post-thumbnail","6":"product_cat-bluwe","8":"first","9":"instock","10":"taxable","11":"shipping-taxable","12":"purchasable","13":"product-type-simple"},"_links":{"self":[{"href":"https:\/\/catalog.hcrepresentations.com\/pt\/wp-json\/wp\/v2\/product\/5710","targetHints":{"allow":["GET"]}}],"collection":[{"href":"https:\/\/catalog.hcrepresentations.com\/pt\/wp-json\/wp\/v2\/product"}],"about":[{"href":"https:\/\/catalog.hcrepresentations.com\/pt\/wp-json\/wp\/v2\/types\/product"}],"replies":[{"embeddable":true,"href":"https:\/\/catalog.hcrepresentations.com\/pt\/wp-json\/wp\/v2\/comments?post=5710"}],"wp:featuredmedia":[{"embeddable":true,"href":"https:\/\/catalog.hcrepresentations.com\/pt\/wp-json\/wp\/v2\/media\/4819"}],"wp:attachment":[{"href":"https:\/\/catalog.hcrepresentations.com\/pt\/wp-json\/wp\/v2\/media?parent=5710"}],"wp:term":[{"taxonomy":"product_brand","embeddable":true,"href":"https:\/\/catalog.hcrepresentations.com\/pt\/wp-json\/wp\/v2\/product_brand?post=5710"},{"taxonomy":"product_cat","embeddable":true,"href":"https:\/\/catalog.hcrepresentations.com\/pt\/wp-json\/wp\/v2\/product_cat?post=5710"},{"taxonomy":"product_tag","embeddable":true,"href":"https:\/\/catalog.hcrepresentations.com\/pt\/wp-json\/wp\/v2\/product_tag?post=5710"}],"curies":[{"name":"wp","href":"https:\/\/api.w.org\/{rel}","templated":true}]}}