{"id":5654,"date":"2026-01-27T15:00:53","date_gmt":"2026-01-27T18:00:53","guid":{"rendered":"https:\/\/catalog.hcrepresentations.com\/product\/kit-bluwe-colorblu-personalize\/"},"modified":"2026-01-27T15:00:53","modified_gmt":"2026-01-27T18:00:53","slug":"kit-bluwe-colorblu-personalize","status":"publish","type":"product","link":"https:\/\/catalog.hcrepresentations.com\/pt\/produto\/kit-bluwe-colorblu-personalize\/","title":{"rendered":"Kit Bluwe ColorBlu Personalizar"},"content":{"rendered":"","protected":false},"excerpt":{"rendered":"<p>ColorBlu - Kit com 4 n\u00facleos <\/p>\n<p>O ColorBlu Bluwe \u00e9 um produto inovador que permite a criatividade sem limites dos designers de unhas. O kit<br \/>\nfaz parte da Linha Personalize e conta com 4 pigmentos de 11 ml cada nas cores amarelo, azul, branco<br \/>\n(que d\u00e1 a opacidade para a cor criada) e vermelho para o profissional criar os tons de Gel que desejar.<br \/>\nCom esse produto hipoalerg\u00eanico em mesa, agora um designer de unhas pode criar misturinhas profissionais,<br \/>\ncom a seguran\u00e7a que s\u00f3 a Bluwe oferece e a liberdade criativa da unha.<br \/>\nA mistura feita com ColorBlu + Gel Personalize agrega mais valor ao trabalho dos profissionais, que<br \/>\nganham mais autonomia e exclusividade em mesa.<br \/>\nO ColorBlu deve ser utilizado exclusivamente com os demais produtos da Linha Personalize.<br \/>\nModo de uso<br \/>\nAplique a quantidade desejada de brilho exclusivamente noGel Personalize Bluwe. Misture at\u00e9 obter uma<br \/>\ntextura homog\u00eanea e aplique o Gel sobre as unhas preparadas. Reduza o tempo de polimeriza\u00e7\u00e3o do Gel. <\/p>","protected":false},"featured_media":4893,"comment_status":"closed","ping_status":"closed","template":"","meta":[],"product_brand":[],"product_cat":[98],"product_tag":[],"class_list":{"0":"post-5654","1":"product","2":"type-product","3":"status-publish","4":"has-post-thumbnail","6":"product_cat-bluwe","8":"first","9":"instock","10":"taxable","11":"shipping-taxable","12":"purchasable","13":"product-type-simple"},"_links":{"self":[{"href":"https:\/\/catalog.hcrepresentations.com\/pt\/wp-json\/wp\/v2\/product\/5654","targetHints":{"allow":["GET"]}}],"collection":[{"href":"https:\/\/catalog.hcrepresentations.com\/pt\/wp-json\/wp\/v2\/product"}],"about":[{"href":"https:\/\/catalog.hcrepresentations.com\/pt\/wp-json\/wp\/v2\/types\/product"}],"replies":[{"embeddable":true,"href":"https:\/\/catalog.hcrepresentations.com\/pt\/wp-json\/wp\/v2\/comments?post=5654"}],"wp:featuredmedia":[{"embeddable":true,"href":"https:\/\/catalog.hcrepresentations.com\/pt\/wp-json\/wp\/v2\/media\/4893"}],"wp:attachment":[{"href":"https:\/\/catalog.hcrepresentations.com\/pt\/wp-json\/wp\/v2\/media?parent=5654"}],"wp:term":[{"taxonomy":"product_brand","embeddable":true,"href":"https:\/\/catalog.hcrepresentations.com\/pt\/wp-json\/wp\/v2\/product_brand?post=5654"},{"taxonomy":"product_cat","embeddable":true,"href":"https:\/\/catalog.hcrepresentations.com\/pt\/wp-json\/wp\/v2\/product_cat?post=5654"},{"taxonomy":"product_tag","embeddable":true,"href":"https:\/\/catalog.hcrepresentations.com\/pt\/wp-json\/wp\/v2\/product_tag?post=5654"}],"curies":[{"name":"wp","href":"https:\/\/api.w.org\/{rel}","templated":true}]}}