{"id":5643,"date":"2026-01-27T14:53:29","date_gmt":"2026-01-27T17:53:29","guid":{"rendered":"https:\/\/catalog.hcrepresentations.com\/product\/prep-65ml-uze-nails\/"},"modified":"2026-03-14T20:31:05","modified_gmt":"2026-03-14T23:31:05","slug":"prep-65ml-uze-nails","status":"publish","type":"product","link":"https:\/\/catalog.hcrepresentations.com\/pt\/produto\/prep-65ml-uze-nails\/","title":{"rendered":"Prep 65ml Uze Nails"},"content":{"rendered":"","protected":false},"excerpt":{"rendered":"<p>Prep Higienizador Uze Nails 65ml<\/p>\n<p>Pensado para profissionais exigentes, cada produto Uze Nails \u00e9 desenvolvido com alto padr\u00e3o de qualidade, priorizando ader\u00eancia, desempenho, seguran\u00e7a e cuidado com a sa\u00fade natural das unhas.<\/p>\n<p>Fun\u00e7\u00e3o:<\/p>\n<p>Formulado para a prepara\u00e7\u00e3o e higieniza\u00e7\u00e3o das m\u00e3os e l\u00e2mina ungueal, o Prep Higienizador Uze Nails promove uma limpeza eficaz sem agredir ou ressecar a pele, respeita o pH natural das unhas e auxilia na remo\u00e7\u00e3o da oleosidade, o que garante maior ader\u00eancia dos produtos.<\/p>\n<p>Benef\u00edcios:<\/p>\n<p>Solu\u00e7\u00e3o preparadora<br \/>\nSolu\u00e7\u00e3o higienizadora<br \/>\nIdade contra a oleosidade<br \/>\nRespeita o ph das unhas e pele<br \/>\nN\u00e3o resseca a pele<br \/>\nFragr\u00e2ncia suave: notas de bergamota, l\u00edrio, jasmim e p\u00eassego<br \/>\nModo de uso:<\/p>\n<p>Borrife o Prep Higienizador Uze Nails sobre as unhas naturais e com o aux\u00edlio de um algod\u00e3o prensado, gase ou produto de sua prefer\u00eancia, esfregue suavemente cada l\u00e2mina para remover a oleosidade e higienizar a superf\u00edcie. Aguarde a evapora\u00e7\u00e3o completa do produto antes de iniciar a aplica\u00e7\u00e3o do pr\u00f3ximo passo.<\/p>\n<p>Diferenciais Uze:<\/p>\n<p>Hema Free<br \/>\nSem TPO<\/p>","protected":false},"featured_media":5180,"comment_status":"open","ping_status":"closed","template":"","meta":[],"product_brand":[],"product_cat":[137],"product_tag":[],"class_list":{"0":"post-5643","1":"product","2":"type-product","3":"status-publish","4":"has-post-thumbnail","6":"product_cat-uze","8":"first","9":"instock","10":"taxable","11":"shipping-taxable","12":"purchasable","13":"product-type-simple"},"_links":{"self":[{"href":"https:\/\/catalog.hcrepresentations.com\/pt\/wp-json\/wp\/v2\/product\/5643","targetHints":{"allow":["GET"]}}],"collection":[{"href":"https:\/\/catalog.hcrepresentations.com\/pt\/wp-json\/wp\/v2\/product"}],"about":[{"href":"https:\/\/catalog.hcrepresentations.com\/pt\/wp-json\/wp\/v2\/types\/product"}],"replies":[{"embeddable":true,"href":"https:\/\/catalog.hcrepresentations.com\/pt\/wp-json\/wp\/v2\/comments?post=5643"}],"wp:featuredmedia":[{"embeddable":true,"href":"https:\/\/catalog.hcrepresentations.com\/pt\/wp-json\/wp\/v2\/media\/5180"}],"wp:attachment":[{"href":"https:\/\/catalog.hcrepresentations.com\/pt\/wp-json\/wp\/v2\/media?parent=5643"}],"wp:term":[{"taxonomy":"product_brand","embeddable":true,"href":"https:\/\/catalog.hcrepresentations.com\/pt\/wp-json\/wp\/v2\/product_brand?post=5643"},{"taxonomy":"product_cat","embeddable":true,"href":"https:\/\/catalog.hcrepresentations.com\/pt\/wp-json\/wp\/v2\/product_cat?post=5643"},{"taxonomy":"product_tag","embeddable":true,"href":"https:\/\/catalog.hcrepresentations.com\/pt\/wp-json\/wp\/v2\/product_tag?post=5643"}],"curies":[{"name":"wp","href":"https:\/\/api.w.org\/{rel}","templated":true}]}}