{"id":5628,"date":"2026-01-27T14:44:39","date_gmt":"2026-01-27T17:44:39","guid":{"rendered":"https:\/\/catalog.hcrepresentations.com\/product\/broca-anylovy-720-diamantada\/"},"modified":"2026-03-23T00:25:06","modified_gmt":"2026-03-23T03:25:06","slug":"broca-anylovy-720-diamantada","status":"publish","type":"product","link":"https:\/\/catalog.hcrepresentations.com\/pt\/produto\/broca-anylovy-720-diamantada\/","title":{"rendered":"BROCA ANYLOVY 720 DIAMANTADA"},"content":{"rendered":"","protected":false},"excerpt":{"rendered":"<p>Broca diamantada usada para refinar laterais e cantos da cut\u00edcula com precis\u00e3o<\/p>\n<p>Momento ideal de uso:<\/p>\n<p>Durante o preparo da cut\u00edcula e antes da aplica\u00e7\u00e3o do primer.<\/p>","protected":false},"featured_media":5627,"comment_status":"open","ping_status":"closed","template":"","meta":[],"product_brand":[],"product_cat":[138,115],"product_tag":[],"class_list":{"0":"post-5628","1":"product","2":"type-product","3":"status-publish","4":"has-post-thumbnail","6":"product_cat-anylovy","7":"product_cat-drills","9":"first","10":"instock","11":"taxable","12":"shipping-taxable","13":"purchasable","14":"product-type-simple"},"_links":{"self":[{"href":"https:\/\/catalog.hcrepresentations.com\/pt\/wp-json\/wp\/v2\/product\/5628","targetHints":{"allow":["GET"]}}],"collection":[{"href":"https:\/\/catalog.hcrepresentations.com\/pt\/wp-json\/wp\/v2\/product"}],"about":[{"href":"https:\/\/catalog.hcrepresentations.com\/pt\/wp-json\/wp\/v2\/types\/product"}],"replies":[{"embeddable":true,"href":"https:\/\/catalog.hcrepresentations.com\/pt\/wp-json\/wp\/v2\/comments?post=5628"}],"wp:featuredmedia":[{"embeddable":true,"href":"https:\/\/catalog.hcrepresentations.com\/pt\/wp-json\/wp\/v2\/media\/5627"}],"wp:attachment":[{"href":"https:\/\/catalog.hcrepresentations.com\/pt\/wp-json\/wp\/v2\/media?parent=5628"}],"wp:term":[{"taxonomy":"product_brand","embeddable":true,"href":"https:\/\/catalog.hcrepresentations.com\/pt\/wp-json\/wp\/v2\/product_brand?post=5628"},{"taxonomy":"product_cat","embeddable":true,"href":"https:\/\/catalog.hcrepresentations.com\/pt\/wp-json\/wp\/v2\/product_cat?post=5628"},{"taxonomy":"product_tag","embeddable":true,"href":"https:\/\/catalog.hcrepresentations.com\/pt\/wp-json\/wp\/v2\/product_tag?post=5628"}],"curies":[{"name":"wp","href":"https:\/\/api.w.org\/{rel}","templated":true}]}}