{"id":6420,"date":"2026-04-05T21:01:05","date_gmt":"2026-04-06T00:01:05","guid":{"rendered":"https:\/\/catalog.hcrepresentations.com\/product\/esmalte-rebulico-uze-nails\/"},"modified":"2026-04-05T21:01:05","modified_gmt":"2026-04-06T00:01:05","slug":"esmalte-rebulico-uze-nails","status":"publish","type":"product","link":"https:\/\/catalog.hcrepresentations.com\/es\/producto\/esmalte-rebulico-uze-nails\/","title":{"rendered":"Esmalte Rebuli\u00e7o de Uze Nails"},"content":{"rendered":"","protected":false},"excerpt":{"rendered":"<p>Quando a Amaz\u00f4nia vira cor, ela conta hist\u00f3rias.<\/p>\n<p>A cole\u00e7\u00e3o Cores da Amaz\u00f4nia \u00e9 um encontro de culturas, hist\u00f3rias e saberes. Cada tonalidade carrega identidade, representando a diversidade de um territ\u00f3rio vivo, ancestral e em constante movimento.<\/p>\n<p>Al\u00e9m do conceito, a cole\u00e7\u00e3o entrega performance: esmaltes tradicionais com secagem r\u00e1pida, cobertura uniforme e cores intensas, pensados para um acabamento impec\u00e1vel e duradouro.<\/p>\n<p>Rebuli\u00e7o: Vermelho transl\u00facido intenso, que simboliza movimento, emo\u00e7\u00e3o e intensidade. Uma cor forte e transl\u00facida, que combina com muito brilho.<\/p>","protected":false},"featured_media":6419,"comment_status":"open","ping_status":"closed","template":"","meta":[],"product_brand":[],"product_cat":[137],"product_tag":[],"class_list":{"0":"post-6420","1":"product","2":"type-product","3":"status-publish","4":"has-post-thumbnail","6":"product_cat-uze","8":"first","9":"instock","10":"sale","11":"taxable","12":"shipping-taxable","13":"purchasable","14":"product-type-simple"},"_links":{"self":[{"href":"https:\/\/catalog.hcrepresentations.com\/es\/wp-json\/wp\/v2\/product\/6420","targetHints":{"allow":["GET"]}}],"collection":[{"href":"https:\/\/catalog.hcrepresentations.com\/es\/wp-json\/wp\/v2\/product"}],"about":[{"href":"https:\/\/catalog.hcrepresentations.com\/es\/wp-json\/wp\/v2\/types\/product"}],"replies":[{"embeddable":true,"href":"https:\/\/catalog.hcrepresentations.com\/es\/wp-json\/wp\/v2\/comments?post=6420"}],"wp:featuredmedia":[{"embeddable":true,"href":"https:\/\/catalog.hcrepresentations.com\/es\/wp-json\/wp\/v2\/media\/6419"}],"wp:attachment":[{"href":"https:\/\/catalog.hcrepresentations.com\/es\/wp-json\/wp\/v2\/media?parent=6420"}],"wp:term":[{"taxonomy":"product_brand","embeddable":true,"href":"https:\/\/catalog.hcrepresentations.com\/es\/wp-json\/wp\/v2\/product_brand?post=6420"},{"taxonomy":"product_cat","embeddable":true,"href":"https:\/\/catalog.hcrepresentations.com\/es\/wp-json\/wp\/v2\/product_cat?post=6420"},{"taxonomy":"product_tag","embeddable":true,"href":"https:\/\/catalog.hcrepresentations.com\/es\/wp-json\/wp\/v2\/product_tag?post=6420"}],"curies":[{"name":"wp","href":"https:\/\/api.w.org\/{rel}","templated":true}]}}