{"id":6331,"date":"2026-03-10T18:27:29","date_gmt":"2026-03-10T21:27:29","guid":{"rendered":"https:\/\/catalog.hcrepresentations.com\/product\/pink-suave-28g-ecoline-onefix-capa-base\/"},"modified":"2026-03-10T18:27:29","modified_gmt":"2026-03-10T21:27:29","slug":"pink-suave-28g-ecoline-onefix-capa-base","status":"publish","type":"product","link":"https:\/\/catalog.hcrepresentations.com\/es\/producto\/pink-suave-28g-ecoline-onefix-capa-base\/","title":{"rendered":"Pink Suave 28 g Ecoline ONEFix Capa Base"},"content":{"rendered":"","protected":false},"excerpt":{"rendered":"<p>ONEFIX CAPA BASE<\/p>\n<p>Base de gel de alta adherencia para todas las l\u00edneas de construcci\u00f3n o esmaltado en gel. Ofrece una gran flexibilidad. Ideal para u\u00f1as finas, flexibles, secas y quebradizas.<\/p>\n<p>Con un dise\u00f1o pensado para la conservaci\u00f3n del producto, la tapa en forma de coraz\u00f3n es la nueva caracter\u00edstica destacada para proteger la base de los rayos UV.<\/p>\n<p>Un producto indispensable en el escritorio de cualquier profesional, apto para todo tipo de clientas y con una durabilidad sin igual. Cabe destacar que tambi\u00e9n se puede utilizar para reforzar las u\u00f1as o para alargar toda la u\u00f1a. El producto se ha desarrollado a partir de una tecnolog\u00eda utilizada en la construcci\u00f3n civil.<\/p>\n<p>Tiempo total de catalizaci\u00f3n: 2 minutos en la cabina de luz LED UVA.<\/p>\n<p>Eliminado mediante lijado.<\/p>","protected":false},"featured_media":6330,"comment_status":"open","ping_status":"closed","template":"","meta":[],"product_brand":[],"product_cat":[132],"product_tag":[],"class_list":{"0":"post-6331","1":"product","2":"type-product","3":"status-publish","4":"has-post-thumbnail","6":"product_cat-nails-21","8":"first","9":"instock","10":"taxable","11":"shipping-taxable","12":"purchasable","13":"product-type-simple"},"_links":{"self":[{"href":"https:\/\/catalog.hcrepresentations.com\/es\/wp-json\/wp\/v2\/product\/6331","targetHints":{"allow":["GET"]}}],"collection":[{"href":"https:\/\/catalog.hcrepresentations.com\/es\/wp-json\/wp\/v2\/product"}],"about":[{"href":"https:\/\/catalog.hcrepresentations.com\/es\/wp-json\/wp\/v2\/types\/product"}],"replies":[{"embeddable":true,"href":"https:\/\/catalog.hcrepresentations.com\/es\/wp-json\/wp\/v2\/comments?post=6331"}],"wp:featuredmedia":[{"embeddable":true,"href":"https:\/\/catalog.hcrepresentations.com\/es\/wp-json\/wp\/v2\/media\/6330"}],"wp:attachment":[{"href":"https:\/\/catalog.hcrepresentations.com\/es\/wp-json\/wp\/v2\/media?parent=6331"}],"wp:term":[{"taxonomy":"product_brand","embeddable":true,"href":"https:\/\/catalog.hcrepresentations.com\/es\/wp-json\/wp\/v2\/product_brand?post=6331"},{"taxonomy":"product_cat","embeddable":true,"href":"https:\/\/catalog.hcrepresentations.com\/es\/wp-json\/wp\/v2\/product_cat?post=6331"},{"taxonomy":"product_tag","embeddable":true,"href":"https:\/\/catalog.hcrepresentations.com\/es\/wp-json\/wp\/v2\/product_tag?post=6331"}],"curies":[{"name":"wp","href":"https:\/\/api.w.org\/{rel}","templated":true}]}}