{"id":6321,"date":"2026-03-10T18:20:28","date_gmt":"2026-03-10T21:20:28","guid":{"rendered":"https:\/\/catalog.hcrepresentations.com\/product\/natural-34g-ecoline-strong-gel\/"},"modified":"2026-04-01T14:37:01","modified_gmt":"2026-04-01T17:37:01","slug":"natural-34g-ecoline-strong-gel","status":"publish","type":"product","link":"https:\/\/catalog.hcrepresentations.com\/es\/producto\/natural-34g-ecoline-strong-gel\/","title":{"rendered":"Gel fuerte Ecoline Natural, 34 g"},"content":{"rendered":"","protected":false},"excerpt":{"rendered":"<p>El gel revolucionario para la construcci\u00f3n de u\u00f1as. Es espeso, cremoso, con una densidad y textura \u00fanicas, y lo mejor de todo\u2026 \u00a1No quema al catalizarse!<\/p>\n<p>Este gel se mantiene firme en el frasco, pero cremoso en el pincel; se autonivela mientras se aplica, pero queda completamente inm\u00f3vil en la u\u00f1a. Basta con un simple toque para que puedas aplicarlo donde quieras.<\/p>\n<p>Podr\u00e1s aplicar el gel con facilidad y precisi\u00f3n, sin preocuparte por las burbujas, y podr\u00e1s trabajar hasta 4 u\u00f1as a la vez antes de introducirlas en la cabina UV, ya que no gotea. Es un gel extremadamente vers\u00e1til, compatible con todos los sistemas de extensi\u00f3n, sea cual sea tu preferido. Se retira mediante limado.<\/p>","protected":false},"featured_media":6320,"comment_status":"open","ping_status":"closed","template":"","meta":[],"product_brand":[],"product_cat":[132],"product_tag":[],"class_list":{"0":"post-6321","1":"product","2":"type-product","3":"status-publish","4":"has-post-thumbnail","6":"product_cat-nails-21","8":"first","9":"instock","10":"taxable","11":"shipping-taxable","12":"purchasable","13":"product-type-simple"},"_links":{"self":[{"href":"https:\/\/catalog.hcrepresentations.com\/es\/wp-json\/wp\/v2\/product\/6321","targetHints":{"allow":["GET"]}}],"collection":[{"href":"https:\/\/catalog.hcrepresentations.com\/es\/wp-json\/wp\/v2\/product"}],"about":[{"href":"https:\/\/catalog.hcrepresentations.com\/es\/wp-json\/wp\/v2\/types\/product"}],"replies":[{"embeddable":true,"href":"https:\/\/catalog.hcrepresentations.com\/es\/wp-json\/wp\/v2\/comments?post=6321"}],"wp:featuredmedia":[{"embeddable":true,"href":"https:\/\/catalog.hcrepresentations.com\/es\/wp-json\/wp\/v2\/media\/6320"}],"wp:attachment":[{"href":"https:\/\/catalog.hcrepresentations.com\/es\/wp-json\/wp\/v2\/media?parent=6321"}],"wp:term":[{"taxonomy":"product_brand","embeddable":true,"href":"https:\/\/catalog.hcrepresentations.com\/es\/wp-json\/wp\/v2\/product_brand?post=6321"},{"taxonomy":"product_cat","embeddable":true,"href":"https:\/\/catalog.hcrepresentations.com\/es\/wp-json\/wp\/v2\/product_cat?post=6321"},{"taxonomy":"product_tag","embeddable":true,"href":"https:\/\/catalog.hcrepresentations.com\/es\/wp-json\/wp\/v2\/product_tag?post=6321"}],"curies":[{"name":"wp","href":"https:\/\/api.w.org\/{rel}","templated":true}]}}