{"id":6315,"date":"2026-03-10T18:16:03","date_gmt":"2026-03-10T21:16:03","guid":{"rendered":"https:\/\/catalog.hcrepresentations.com\/product\/maskara-34g-ecoline-strong-gel\/"},"modified":"2026-03-10T18:16:19","modified_gmt":"2026-03-10T21:16:19","slug":"maskara-34g-ecoline-strong-gel","status":"publish","type":"product","link":"https:\/\/catalog.hcrepresentations.com\/es\/producto\/maskara-34g-ecoline-strong-gel\/","title":{"rendered":"M\u00e1scara de pesta\u00f1as 34 g Ecoline Strong Gel"},"content":{"rendered":"","protected":false},"excerpt":{"rendered":"<p>STRONG<\/p>\n<p>El gel revolucionario para la construcci\u00f3n de u\u00f1as. Es espeso, cremoso, con una densidad y textura \u00fanicas, y lo mejor de todo\u2026 \u00a1No quema al catalizarse!<\/p>\n<p>Este gel se mantiene firme en el frasco, pero cremoso en el pincel; se autonivela mientras se aplica, pero queda completamente inm\u00f3vil en la u\u00f1a. Basta con un simple toque para que puedas aplicarlo donde quieras.<\/p>\n<p>Vai conseguir moldar com facilidade e precis\u00e3o, sem se preocupar com bolhas, conseguindo fazer at\u00e9 4 unhas de uma vez antes de entrar na cabine UV, isso porque ele n\u00e3o escorre. \u00c9 um gel extremamente vers\u00e1til, compat\u00edvel com todos os sistemas de alongamento, qualquer que seja o seu preferido.<\/p>","protected":false},"featured_media":6314,"comment_status":"open","ping_status":"closed","template":"","meta":[],"product_brand":[],"product_cat":[132],"product_tag":[],"class_list":{"0":"post-6315","1":"product","2":"type-product","3":"status-publish","4":"has-post-thumbnail","6":"product_cat-nails-21","8":"first","9":"instock","10":"taxable","11":"shipping-taxable","12":"purchasable","13":"product-type-simple"},"_links":{"self":[{"href":"https:\/\/catalog.hcrepresentations.com\/es\/wp-json\/wp\/v2\/product\/6315","targetHints":{"allow":["GET"]}}],"collection":[{"href":"https:\/\/catalog.hcrepresentations.com\/es\/wp-json\/wp\/v2\/product"}],"about":[{"href":"https:\/\/catalog.hcrepresentations.com\/es\/wp-json\/wp\/v2\/types\/product"}],"replies":[{"embeddable":true,"href":"https:\/\/catalog.hcrepresentations.com\/es\/wp-json\/wp\/v2\/comments?post=6315"}],"wp:featuredmedia":[{"embeddable":true,"href":"https:\/\/catalog.hcrepresentations.com\/es\/wp-json\/wp\/v2\/media\/6314"}],"wp:attachment":[{"href":"https:\/\/catalog.hcrepresentations.com\/es\/wp-json\/wp\/v2\/media?parent=6315"}],"wp:term":[{"taxonomy":"product_brand","embeddable":true,"href":"https:\/\/catalog.hcrepresentations.com\/es\/wp-json\/wp\/v2\/product_brand?post=6315"},{"taxonomy":"product_cat","embeddable":true,"href":"https:\/\/catalog.hcrepresentations.com\/es\/wp-json\/wp\/v2\/product_cat?post=6315"},{"taxonomy":"product_tag","embeddable":true,"href":"https:\/\/catalog.hcrepresentations.com\/es\/wp-json\/wp\/v2\/product_tag?post=6315"}],"curies":[{"name":"wp","href":"https:\/\/api.w.org\/{rel}","templated":true}]}}