{"id":6142,"date":"2026-01-27T23:29:38","date_gmt":"2026-01-28T02:29:38","guid":{"rendered":"https:\/\/catalog.hcrepresentations.com\/product\/natural-pink-fiber-overlay-gel\/"},"modified":"2026-04-19T22:31:13","modified_gmt":"2026-04-20T01:31:13","slug":"natural-pink-fiber-overlay-gel","status":"publish","type":"product","link":"https:\/\/catalog.hcrepresentations.com\/es\/producto\/natural-pink-fiber-overlay-gel\/","title":{"rendered":"Gel Banho de Fibra Natural Rosa 30g"},"content":{"rendered":"","protected":false},"excerpt":{"rendered":"<p>El gel superpuesto de fibra rosa natural es un producto revolucionario que ofrece una forma r\u00e1pida y c\u00f3moda de conseguir un aspecto de u\u00f1as naturales y realzadas. Este gel de superposici\u00f3n, infundido con un delicado tono rosa, est\u00e1 espec\u00edficamente dise\u00f1ado para crear una fina capa de producto sobre las u\u00f1as, proporcionando un aspecto natural e impecable.<\/p>","protected":false},"featured_media":2674,"comment_status":"closed","ping_status":"closed","template":"","meta":[],"product_brand":[],"product_cat":[98],"product_tag":[],"class_list":{"0":"post-6142","1":"product","2":"type-product","3":"status-publish","4":"has-post-thumbnail","6":"product_cat-bluwe","8":"first","9":"instock","10":"taxable","11":"shipping-taxable","12":"purchasable","13":"product-type-simple"},"_links":{"self":[{"href":"https:\/\/catalog.hcrepresentations.com\/es\/wp-json\/wp\/v2\/product\/6142","targetHints":{"allow":["GET"]}}],"collection":[{"href":"https:\/\/catalog.hcrepresentations.com\/es\/wp-json\/wp\/v2\/product"}],"about":[{"href":"https:\/\/catalog.hcrepresentations.com\/es\/wp-json\/wp\/v2\/types\/product"}],"replies":[{"embeddable":true,"href":"https:\/\/catalog.hcrepresentations.com\/es\/wp-json\/wp\/v2\/comments?post=6142"}],"wp:featuredmedia":[{"embeddable":true,"href":"https:\/\/catalog.hcrepresentations.com\/es\/wp-json\/wp\/v2\/media\/2674"}],"wp:attachment":[{"href":"https:\/\/catalog.hcrepresentations.com\/es\/wp-json\/wp\/v2\/media?parent=6142"}],"wp:term":[{"taxonomy":"product_brand","embeddable":true,"href":"https:\/\/catalog.hcrepresentations.com\/es\/wp-json\/wp\/v2\/product_brand?post=6142"},{"taxonomy":"product_cat","embeddable":true,"href":"https:\/\/catalog.hcrepresentations.com\/es\/wp-json\/wp\/v2\/product_cat?post=6142"},{"taxonomy":"product_tag","embeddable":true,"href":"https:\/\/catalog.hcrepresentations.com\/es\/wp-json\/wp\/v2\/product_tag?post=6142"}],"curies":[{"name":"wp","href":"https:\/\/api.w.org\/{rel}","templated":true}]}}