{"id":6141,"date":"2026-01-27T23:28:45","date_gmt":"2026-01-28T02:28:45","guid":{"rendered":"https:\/\/catalog.hcrepresentations.com\/product\/natural-pink-structural-base-coat\/"},"modified":"2026-01-27T23:28:45","modified_gmt":"2026-01-28T02:28:45","slug":"natural-pink-structural-base-coat","status":"publish","type":"product","link":"https:\/\/catalog.hcrepresentations.com\/es\/producto\/natural-pink-structural-base-coat\/","title":{"rendered":"Capa base estructural rosa natural"},"content":{"rendered":"","protected":false},"excerpt":{"rendered":"<p>Natural Pink Structural Base Coat de Bluwe es un producto vers\u00e1til y esencial para crear una base fuerte y de aspecto natural para sus u\u00f1as. Esta capa base de alta calidad proporciona un tono rosa suave y femenino que realza maravillosamente el aspecto de sus u\u00f1as.<\/p>\n<p>Natural Pink Structural Base Coat presenta una f\u00f3rmula \u00fanica dise\u00f1ada para reforzar y fortalecer sus u\u00f1as naturales, proporcionando una base s\u00f3lida para posteriores mejoras de las u\u00f1as. Ayuda a evitar que se astillen y levanten, garantizando una manicura duradera e impecable.<\/p>","protected":false},"featured_media":2666,"comment_status":"closed","ping_status":"closed","template":"","meta":[],"product_brand":[],"product_cat":[98],"product_tag":[],"class_list":{"0":"post-6141","1":"product","2":"type-product","3":"status-publish","4":"has-post-thumbnail","6":"product_cat-bluwe","8":"first","9":"instock","10":"taxable","11":"shipping-taxable","12":"purchasable","13":"product-type-simple"},"_links":{"self":[{"href":"https:\/\/catalog.hcrepresentations.com\/es\/wp-json\/wp\/v2\/product\/6141","targetHints":{"allow":["GET"]}}],"collection":[{"href":"https:\/\/catalog.hcrepresentations.com\/es\/wp-json\/wp\/v2\/product"}],"about":[{"href":"https:\/\/catalog.hcrepresentations.com\/es\/wp-json\/wp\/v2\/types\/product"}],"replies":[{"embeddable":true,"href":"https:\/\/catalog.hcrepresentations.com\/es\/wp-json\/wp\/v2\/comments?post=6141"}],"wp:featuredmedia":[{"embeddable":true,"href":"https:\/\/catalog.hcrepresentations.com\/es\/wp-json\/wp\/v2\/media\/2666"}],"wp:attachment":[{"href":"https:\/\/catalog.hcrepresentations.com\/es\/wp-json\/wp\/v2\/media?parent=6141"}],"wp:term":[{"taxonomy":"product_brand","embeddable":true,"href":"https:\/\/catalog.hcrepresentations.com\/es\/wp-json\/wp\/v2\/product_brand?post=6141"},{"taxonomy":"product_cat","embeddable":true,"href":"https:\/\/catalog.hcrepresentations.com\/es\/wp-json\/wp\/v2\/product_cat?post=6141"},{"taxonomy":"product_tag","embeddable":true,"href":"https:\/\/catalog.hcrepresentations.com\/es\/wp-json\/wp\/v2\/product_tag?post=6141"}],"curies":[{"name":"wp","href":"https:\/\/api.w.org\/{rel}","templated":true}]}}