{"id":6130,"date":"2026-01-27T23:24:57","date_gmt":"2026-01-28T02:24:57","guid":{"rendered":"https:\/\/catalog.hcrepresentations.com\/product\/gel-snow-3-1\/"},"modified":"2026-01-27T23:24:57","modified_gmt":"2026-01-28T02:24:57","slug":"gel-snow-3-1","status":"publish","type":"product","link":"https:\/\/catalog.hcrepresentations.com\/es\/producto\/gel-snow-3-1\/","title":{"rendered":"Gel Nieve 3 em 1 - 28g"},"content":{"rendered":"","protected":false},"excerpt":{"rendered":"<p>Gel Nieve 3 em 1 para Unhas - 28g<\/p>\n<p>El Gel Snow 3 en 1 de 28g es el producto ideal para los dise\u00f1adores de u\u00f1as que desean practicidad y calidad en sus dise\u00f1os de u\u00f1as. Con una f\u00f3rmula autonivelante, este gel mantiene la curvatura desde la capa base hasta el acabado final, siendo perfecto para bordes camuflados y baby boomer.<\/p>\n<p>Su viscosidad m\u00e9dica y cura r\u00e1pida proporcionan agilidad en el procedimiento, garantizando un acabado impecable. Adem\u00e1s, se desenvuelve con facilidad, facilitando el trabajo de los profesionales.<\/p>\n<p>Para utilizar, basta con aplicar una peque\u00f1a cantidad del producto sobre las manos con la ayuda de un pincel y modelar seg\u00fan lo deseado. El tiempo total de curado es de s\u00f3lo 60 segundos en la cabina led\/uv.<\/p>\n<p>Invierta en Gel Snow 3 en 1 para obtener resultados incre\u00edbles en sus creaciones.<\/p>","protected":false},"featured_media":4491,"comment_status":"closed","ping_status":"closed","template":"","meta":[],"product_brand":[],"product_cat":[142],"product_tag":[],"class_list":{"0":"post-6130","1":"product","2":"type-product","3":"status-publish","4":"has-post-thumbnail","6":"product_cat-humma","8":"first","9":"instock","10":"taxable","11":"shipping-taxable","12":"purchasable","13":"product-type-simple"},"_links":{"self":[{"href":"https:\/\/catalog.hcrepresentations.com\/es\/wp-json\/wp\/v2\/product\/6130","targetHints":{"allow":["GET"]}}],"collection":[{"href":"https:\/\/catalog.hcrepresentations.com\/es\/wp-json\/wp\/v2\/product"}],"about":[{"href":"https:\/\/catalog.hcrepresentations.com\/es\/wp-json\/wp\/v2\/types\/product"}],"replies":[{"embeddable":true,"href":"https:\/\/catalog.hcrepresentations.com\/es\/wp-json\/wp\/v2\/comments?post=6130"}],"wp:featuredmedia":[{"embeddable":true,"href":"https:\/\/catalog.hcrepresentations.com\/es\/wp-json\/wp\/v2\/media\/4491"}],"wp:attachment":[{"href":"https:\/\/catalog.hcrepresentations.com\/es\/wp-json\/wp\/v2\/media?parent=6130"}],"wp:term":[{"taxonomy":"product_brand","embeddable":true,"href":"https:\/\/catalog.hcrepresentations.com\/es\/wp-json\/wp\/v2\/product_brand?post=6130"},{"taxonomy":"product_cat","embeddable":true,"href":"https:\/\/catalog.hcrepresentations.com\/es\/wp-json\/wp\/v2\/product_cat?post=6130"},{"taxonomy":"product_tag","embeddable":true,"href":"https:\/\/catalog.hcrepresentations.com\/es\/wp-json\/wp\/v2\/product_tag?post=6130"}],"curies":[{"name":"wp","href":"https:\/\/api.w.org\/{rel}","templated":true}]}}