{"id":6108,"date":"2026-01-27T20:51:58","date_gmt":"2026-01-27T23:51:58","guid":{"rendered":"https:\/\/catalog.hcrepresentations.com\/product\/liquigel\/"},"modified":"2026-01-27T20:51:58","modified_gmt":"2026-01-27T23:51:58","slug":"liquigel","status":"publish","type":"product","link":"https:\/\/catalog.hcrepresentations.com\/es\/producto\/liquigel\/","title":{"rendered":"LiquiGel"},"content":{"rendered":"","protected":false},"excerpt":{"rendered":"<p>Pionero en el mercado, LiquiGel de Bluwe es una innovaci\u00f3n en el universo de las u\u00f1as. Con \u00e9l, puede ajustar la viscosidad del producto como desee. A\u00f1ada unas gotas de LiquiGel a su producto y \u00e9ste se volver\u00e1 menos viscoso (m\u00e1s l\u00edquido). Como por arte de magia.<\/p>\n<p>MODO DE EMPLEO: Se recomienda a\u00f1adir aproximadamente 10 gotas si desea reducir ligeramente la viscosidad. Si desea una reducci\u00f3n significativa de la viscosidad, utilice m\u00e1s de 10 gotas. Dejar reposar. Se puede utilizar en Top Coats, Camouflage y Bluwe Gels.<\/p>","protected":false},"featured_media":2771,"comment_status":"closed","ping_status":"closed","template":"","meta":[],"product_brand":[],"product_cat":[98],"product_tag":[],"class_list":{"0":"post-6108","1":"product","2":"type-product","3":"status-publish","4":"has-post-thumbnail","6":"product_cat-bluwe","8":"first","9":"instock","10":"taxable","11":"shipping-taxable","12":"purchasable","13":"product-type-simple"},"_links":{"self":[{"href":"https:\/\/catalog.hcrepresentations.com\/es\/wp-json\/wp\/v2\/product\/6108","targetHints":{"allow":["GET"]}}],"collection":[{"href":"https:\/\/catalog.hcrepresentations.com\/es\/wp-json\/wp\/v2\/product"}],"about":[{"href":"https:\/\/catalog.hcrepresentations.com\/es\/wp-json\/wp\/v2\/types\/product"}],"replies":[{"embeddable":true,"href":"https:\/\/catalog.hcrepresentations.com\/es\/wp-json\/wp\/v2\/comments?post=6108"}],"wp:featuredmedia":[{"embeddable":true,"href":"https:\/\/catalog.hcrepresentations.com\/es\/wp-json\/wp\/v2\/media\/2771"}],"wp:attachment":[{"href":"https:\/\/catalog.hcrepresentations.com\/es\/wp-json\/wp\/v2\/media?parent=6108"}],"wp:term":[{"taxonomy":"product_brand","embeddable":true,"href":"https:\/\/catalog.hcrepresentations.com\/es\/wp-json\/wp\/v2\/product_brand?post=6108"},{"taxonomy":"product_cat","embeddable":true,"href":"https:\/\/catalog.hcrepresentations.com\/es\/wp-json\/wp\/v2\/product_cat?post=6108"},{"taxonomy":"product_tag","embeddable":true,"href":"https:\/\/catalog.hcrepresentations.com\/es\/wp-json\/wp\/v2\/product_tag?post=6108"}],"curies":[{"name":"wp","href":"https:\/\/api.w.org\/{rel}","templated":true}]}}