{"id":6092,"date":"2026-01-27T20:17:52","date_gmt":"2026-01-27T23:17:52","guid":{"rendered":"https:\/\/catalog.hcrepresentations.com\/product\/querido-pink-builder-gel\/"},"modified":"2026-04-19T22:31:13","modified_gmt":"2026-04-20T01:31:13","slug":"querido-pink-builder-gel","status":"publish","type":"product","link":"https:\/\/catalog.hcrepresentations.com\/es\/producto\/querido-pink-builder-gel\/","title":{"rendered":"Gel rosa Querido"},"content":{"rendered":"","protected":false},"excerpt":{"rendered":"<p>Presentamos el Gel Constructor Rosa Querido de Bluwe, un gel vibrante e intensamente pigmentado con una cobertura media y un subtono fr\u00edo. Este gel constructor ha sido meticulosamente elaborado para rendir incre\u00edblemente en cualquier tipo de u\u00f1a natural.<\/p>\n<p>Con una formulaci\u00f3n innovadora, el Gel Constructor Querido Rosa cuenta con la Tecnolog\u00eda CurvaturaSmart, que proporciona tanto estructura como naturalidad, garantizando una notable resistencia y durabilidad. Su intensa tonalidad rosa permite crear u\u00f1as impactantes y de aspecto natural, elevando tu nail art a un nuevo nivel.<\/p>\n<p>Ideal para todas las fases de las extensiones de u\u00f1as, desde la capa base hasta el punto de tensi\u00f3n, este gel constructor es una soluci\u00f3n vers\u00e1til para conseguir unas mejoras de u\u00f1as impecables y duraderas.<\/p>\n<p>Modo de empleo:<br \/>\nAplique capas del producto sobre la u\u00f1a, d\u00e1ndole la forma deseada, y c\u00farelo bajo la luz UV durante 120 segundos.<\/p>","protected":false},"featured_media":2797,"comment_status":"closed","ping_status":"closed","template":"","meta":[],"product_brand":[],"product_cat":[98],"product_tag":[],"class_list":{"0":"post-6092","1":"product","2":"type-product","3":"status-publish","4":"has-post-thumbnail","6":"product_cat-bluwe","8":"first","9":"instock","10":"taxable","11":"shipping-taxable","12":"purchasable","13":"product-type-simple"},"_links":{"self":[{"href":"https:\/\/catalog.hcrepresentations.com\/es\/wp-json\/wp\/v2\/product\/6092","targetHints":{"allow":["GET"]}}],"collection":[{"href":"https:\/\/catalog.hcrepresentations.com\/es\/wp-json\/wp\/v2\/product"}],"about":[{"href":"https:\/\/catalog.hcrepresentations.com\/es\/wp-json\/wp\/v2\/types\/product"}],"replies":[{"embeddable":true,"href":"https:\/\/catalog.hcrepresentations.com\/es\/wp-json\/wp\/v2\/comments?post=6092"}],"wp:featuredmedia":[{"embeddable":true,"href":"https:\/\/catalog.hcrepresentations.com\/es\/wp-json\/wp\/v2\/media\/2797"}],"wp:attachment":[{"href":"https:\/\/catalog.hcrepresentations.com\/es\/wp-json\/wp\/v2\/media?parent=6092"}],"wp:term":[{"taxonomy":"product_brand","embeddable":true,"href":"https:\/\/catalog.hcrepresentations.com\/es\/wp-json\/wp\/v2\/product_brand?post=6092"},{"taxonomy":"product_cat","embeddable":true,"href":"https:\/\/catalog.hcrepresentations.com\/es\/wp-json\/wp\/v2\/product_cat?post=6092"},{"taxonomy":"product_tag","embeddable":true,"href":"https:\/\/catalog.hcrepresentations.com\/es\/wp-json\/wp\/v2\/product_tag?post=6092"}],"curies":[{"name":"wp","href":"https:\/\/api.w.org\/{rel}","templated":true}]}}