{"id":6091,"date":"2026-01-27T20:17:37","date_gmt":"2026-01-27T23:17:37","guid":{"rendered":"https:\/\/catalog.hcrepresentations.com\/product\/po-de-pirimpompom-glitter-collection-kit\/"},"modified":"2026-02-19T15:08:36","modified_gmt":"2026-02-19T18:08:36","slug":"po-de-pirimpompom-glitter-collection-kit","status":"publish","type":"product","link":"https:\/\/catalog.hcrepresentations.com\/es\/producto\/po-de-pirimpompom-glitter-collection-kit\/","title":{"rendered":"Kit Colecci\u00f3n Purpurina P\u00f3 de Pirimpompom"},"content":{"rendered":"","protected":false},"excerpt":{"rendered":"<p>Presentamos el kit de la colecci\u00f3n de purpurina \"P\u00f3 de Pirimpompom\", con copos de pigmento ultrafinos que llevar\u00e1n su decoraci\u00f3n de u\u00f1as a un nuevo nivel de brillo. Estos copos son tan incre\u00edblemente finos que se asientan perfectamente planos sobre la u\u00f1a, creando un efecto perfecto y fascinante. Imagina brillantes hojas doradas iridiscentes bailando sobre tus u\u00f1as, reflejando una multitud de colores all\u00e1 donde gires la mano.<\/p>\n<p>El encanto de esta colecci\u00f3n reside en los hipnotizantes reflejos multicolores, delicadamente finos, que ofrecen un toque m\u00e1gico a cualquier dise\u00f1o de u\u00f1as. Con estos brillos, podr\u00e1 crear f\u00e1cilmente manicuras cautivadoras y deslumbrantes con un acabado de lujo.<\/p>\n<p>\u00bfY lo mejor? Puedes conseguir un look impresionante con s\u00f3lo un Top Coat como toque final. Abrace el brillo de la Colecci\u00f3n de Purpurina \"P\u00f3 de Pirimpompom\" y transforme su nail art en una sinfon\u00eda de colores y brillo. Eleve sus dise\u00f1os de u\u00f1as a nuevas cotas con estos encantadores y ultrafinos copos de pigmento.<\/p>","protected":false},"featured_media":2801,"comment_status":"closed","ping_status":"closed","template":"","meta":[],"product_brand":[],"product_cat":[98],"product_tag":[],"class_list":{"0":"post-6091","1":"product","2":"type-product","3":"status-publish","4":"has-post-thumbnail","6":"product_cat-bluwe","8":"first","9":"instock","10":"taxable","11":"shipping-taxable","12":"purchasable","13":"product-type-simple"},"_links":{"self":[{"href":"https:\/\/catalog.hcrepresentations.com\/es\/wp-json\/wp\/v2\/product\/6091","targetHints":{"allow":["GET"]}}],"collection":[{"href":"https:\/\/catalog.hcrepresentations.com\/es\/wp-json\/wp\/v2\/product"}],"about":[{"href":"https:\/\/catalog.hcrepresentations.com\/es\/wp-json\/wp\/v2\/types\/product"}],"replies":[{"embeddable":true,"href":"https:\/\/catalog.hcrepresentations.com\/es\/wp-json\/wp\/v2\/comments?post=6091"}],"wp:featuredmedia":[{"embeddable":true,"href":"https:\/\/catalog.hcrepresentations.com\/es\/wp-json\/wp\/v2\/media\/2801"}],"wp:attachment":[{"href":"https:\/\/catalog.hcrepresentations.com\/es\/wp-json\/wp\/v2\/media?parent=6091"}],"wp:term":[{"taxonomy":"product_brand","embeddable":true,"href":"https:\/\/catalog.hcrepresentations.com\/es\/wp-json\/wp\/v2\/product_brand?post=6091"},{"taxonomy":"product_cat","embeddable":true,"href":"https:\/\/catalog.hcrepresentations.com\/es\/wp-json\/wp\/v2\/product_cat?post=6091"},{"taxonomy":"product_tag","embeddable":true,"href":"https:\/\/catalog.hcrepresentations.com\/es\/wp-json\/wp\/v2\/product_tag?post=6091"}],"curies":[{"name":"wp","href":"https:\/\/api.w.org\/{rel}","templated":true}]}}