{"id":6089,"date":"2026-01-27T20:16:52","date_gmt":"2026-01-27T23:16:52","guid":{"rendered":"https:\/\/catalog.hcrepresentations.com\/product\/bluwe-natural-pink-base-coat-gel\/"},"modified":"2026-01-27T20:17:21","modified_gmt":"2026-01-27T23:17:21","slug":"bluwe-natural-pink-base-coat-gel","status":"publish","type":"product","link":"https:\/\/catalog.hcrepresentations.com\/es\/producto\/bluwe-natural-pink-base-coat-gel\/","title":{"rendered":"Gel Base Rosa Natural Bluwe"},"content":{"rendered":"","protected":false},"excerpt":{"rendered":"<p>El Gel Base Rosa Natural de Bluwe es un producto imprescindible para crear unas u\u00f1as bonitas y de aspecto natural. Este gel de alta calidad ha sido cuidadosamente formulado para servir como una capa base vers\u00e1til, proporcionando la base perfecta para diversos procedimientos de u\u00f1as.<\/p>\n<p>El Gel Base Rosa Natural ofrece una aplicaci\u00f3n sin costuras y un tinte rosa suave y natural para realzar el color natural de las u\u00f1as. Ayuda a crear un lienzo impecable para posteriores mejoras de las u\u00f1as, garantizando una adhesi\u00f3n y durabilidad \u00f3ptimas.<\/p>","protected":false},"featured_media":2793,"comment_status":"closed","ping_status":"closed","template":"","meta":[],"product_brand":[],"product_cat":[98],"product_tag":[],"class_list":{"0":"post-6089","1":"product","2":"type-product","3":"status-publish","4":"has-post-thumbnail","6":"product_cat-bluwe","8":"first","9":"instock","10":"taxable","11":"shipping-taxable","12":"purchasable","13":"product-type-simple"},"_links":{"self":[{"href":"https:\/\/catalog.hcrepresentations.com\/es\/wp-json\/wp\/v2\/product\/6089","targetHints":{"allow":["GET"]}}],"collection":[{"href":"https:\/\/catalog.hcrepresentations.com\/es\/wp-json\/wp\/v2\/product"}],"about":[{"href":"https:\/\/catalog.hcrepresentations.com\/es\/wp-json\/wp\/v2\/types\/product"}],"replies":[{"embeddable":true,"href":"https:\/\/catalog.hcrepresentations.com\/es\/wp-json\/wp\/v2\/comments?post=6089"}],"wp:featuredmedia":[{"embeddable":true,"href":"https:\/\/catalog.hcrepresentations.com\/es\/wp-json\/wp\/v2\/media\/2793"}],"wp:attachment":[{"href":"https:\/\/catalog.hcrepresentations.com\/es\/wp-json\/wp\/v2\/media?parent=6089"}],"wp:term":[{"taxonomy":"product_brand","embeddable":true,"href":"https:\/\/catalog.hcrepresentations.com\/es\/wp-json\/wp\/v2\/product_brand?post=6089"},{"taxonomy":"product_cat","embeddable":true,"href":"https:\/\/catalog.hcrepresentations.com\/es\/wp-json\/wp\/v2\/product_cat?post=6089"},{"taxonomy":"product_tag","embeddable":true,"href":"https:\/\/catalog.hcrepresentations.com\/es\/wp-json\/wp\/v2\/product_tag?post=6089"}],"curies":[{"name":"wp","href":"https:\/\/api.w.org\/{rel}","templated":true}]}}