{"id":5779,"date":"2026-01-27T16:36:29","date_gmt":"2026-01-27T19:36:29","guid":{"rendered":"https:\/\/catalog.hcrepresentations.com\/product\/pincel-fino-redondo-1\/"},"modified":"2026-01-27T16:36:29","modified_gmt":"2026-01-27T19:36:29","slug":"pincel-fino-redondo-1","status":"publish","type":"product","link":"https:\/\/catalog.hcrepresentations.com\/es\/producto\/pincel-fino-redondo-1\/","title":{"rendered":"Pincel Fino Redondo #1 Profissional"},"content":{"rendered":"","protected":false},"excerpt":{"rendered":"<p>Pincel para Unhas Anylovy #1 \u00a1Lanzamiento esencial! <\/p>\n<p>Te presentamos el Pincel Profesional Anylovy #1, un lanzamiento indispensable para quien ama las cosas bien hechas con un acabado impecable. <\/p>\n<p>Benef\u00edcios: <\/p>\n<p>Lan\u00e7amento exclusivo Anylovy Pincel #1 Ideal para aplica\u00e7\u00e3o em moldes.<br \/>\nIdeal para decorar y finalizar la manicura.<br \/>\nCerdas firmes y precisas para un mayor control.<br \/>\nAcabamento profissional com mais praticidade.<br \/>\nYa sea en la construcci\u00f3n con molde F1, en la aplicaci\u00f3n de Polygel, o en los toques finales de su nail art, \u00a1este pincel entrega precisi\u00f3n y calidad!<\/p>\n<p>Dica Anylovy:<\/p>\n<p>Utiliza com:<br \/>\nPolygel Anylovy para alongamentos perfeitos.<br \/>\nTop Coat Anylovy para brillo o efecto mate.<br \/>\nMolde F1 Anylovy para facilitar la construcci\u00f3n ideal.<\/p>","protected":false},"featured_media":4625,"comment_status":"closed","ping_status":"closed","template":"","meta":[],"product_brand":[],"product_cat":[138],"product_tag":[],"class_list":{"0":"post-5779","1":"product","2":"type-product","3":"status-publish","4":"has-post-thumbnail","6":"product_cat-anylovy","8":"first","9":"instock","10":"taxable","11":"shipping-taxable","12":"purchasable","13":"product-type-simple"},"_links":{"self":[{"href":"https:\/\/catalog.hcrepresentations.com\/es\/wp-json\/wp\/v2\/product\/5779","targetHints":{"allow":["GET"]}}],"collection":[{"href":"https:\/\/catalog.hcrepresentations.com\/es\/wp-json\/wp\/v2\/product"}],"about":[{"href":"https:\/\/catalog.hcrepresentations.com\/es\/wp-json\/wp\/v2\/types\/product"}],"replies":[{"embeddable":true,"href":"https:\/\/catalog.hcrepresentations.com\/es\/wp-json\/wp\/v2\/comments?post=5779"}],"wp:featuredmedia":[{"embeddable":true,"href":"https:\/\/catalog.hcrepresentations.com\/es\/wp-json\/wp\/v2\/media\/4625"}],"wp:attachment":[{"href":"https:\/\/catalog.hcrepresentations.com\/es\/wp-json\/wp\/v2\/media?parent=5779"}],"wp:term":[{"taxonomy":"product_brand","embeddable":true,"href":"https:\/\/catalog.hcrepresentations.com\/es\/wp-json\/wp\/v2\/product_brand?post=5779"},{"taxonomy":"product_cat","embeddable":true,"href":"https:\/\/catalog.hcrepresentations.com\/es\/wp-json\/wp\/v2\/product_cat?post=5779"},{"taxonomy":"product_tag","embeddable":true,"href":"https:\/\/catalog.hcrepresentations.com\/es\/wp-json\/wp\/v2\/product_tag?post=5779"}],"curies":[{"name":"wp","href":"https:\/\/api.w.org\/{rel}","templated":true}]}}