{"id":5728,"date":"2026-01-27T16:03:19","date_gmt":"2026-01-27T19:03:19","guid":{"rendered":"https:\/\/catalog.hcrepresentations.com\/product\/gel-construtor-querido-bege-30g\/"},"modified":"2026-03-19T18:15:51","modified_gmt":"2026-03-19T21:15:51","slug":"gel-construtor-querido-bege-30g","status":"publish","type":"product","link":"https:\/\/catalog.hcrepresentations.com\/es\/producto\/gel-construtor-querido-bege-30g\/","title":{"rendered":"Gel Construtor Querido Bege 30g"},"content":{"rendered":"","protected":false},"excerpt":{"rendered":"<p>Bluwe 30g<\/p>\n<p> O Gel Construtor Querido Bege Bluwe \u00e9 um gel para unhas com uma formula\u00e7\u00e3o inovadora desenvolvick<br \/>\n dentro de nossos laborat\u00f3rios. Utilizamos mat\u00e9rias primas de alta qualidade que resultam em um<br \/>\n produto que funciona perfeitamente em qualquer tipo de unha natural e \u00e9 autonivelante.<br \/>\n Gracias a la tecnolog\u00eda Curvatura Smart, este gel conserva la memoria de la curvatura durante un largo periodo de tiempo.<br \/>\n de tiempo. Adem\u00e1s, el Gel Construtor proporciona alta durabilidad y resistencia.<br \/>\n \u00bfPara qu\u00e9 sirve el Gel Constructor?<br \/>\n Est\u00e1 indicado para su uso en todas las fases: capa base para las normas, extensi\u00f3n y punto.<br \/>\n de tens\u00e3o. <\/p>\n<p> Diferencias:<br \/>\n F\u00f3rmula innovadora;<br \/>\n Materias primas de alta calidad y tecnolog\u00eda;<br \/>\n Possui Tecnologia Curvatura Smart , garante a curvatura da sua unha n\u00e3o &#8220;abra&#8221;;<br \/>\n Perfecto para construir la Estructura Naturalidade;<br \/>\n Alta resistencia;<br \/>\n Alta durabilidad;<br \/>\n Autonivelante - nivelado, mas n\u00e3o escorre;<br \/>\n Viscosidad ideal;<br \/>\n Puede utilizarse en todas las fases;<br \/>\n Baixo aquecimento.<br \/>\n COR: Querido Bege &#8211; Nude intenso de cobertura m\u00e9dia com subtom quente.<\/p>","protected":false},"featured_media":4765,"comment_status":"closed","ping_status":"closed","template":"","meta":[],"product_brand":[],"product_cat":[98],"product_tag":[],"class_list":{"0":"post-5728","1":"product","2":"type-product","3":"status-publish","4":"has-post-thumbnail","6":"product_cat-bluwe","8":"first","9":"instock","10":"taxable","11":"shipping-taxable","12":"purchasable","13":"product-type-simple"},"_links":{"self":[{"href":"https:\/\/catalog.hcrepresentations.com\/es\/wp-json\/wp\/v2\/product\/5728","targetHints":{"allow":["GET"]}}],"collection":[{"href":"https:\/\/catalog.hcrepresentations.com\/es\/wp-json\/wp\/v2\/product"}],"about":[{"href":"https:\/\/catalog.hcrepresentations.com\/es\/wp-json\/wp\/v2\/types\/product"}],"replies":[{"embeddable":true,"href":"https:\/\/catalog.hcrepresentations.com\/es\/wp-json\/wp\/v2\/comments?post=5728"}],"wp:featuredmedia":[{"embeddable":true,"href":"https:\/\/catalog.hcrepresentations.com\/es\/wp-json\/wp\/v2\/media\/4765"}],"wp:attachment":[{"href":"https:\/\/catalog.hcrepresentations.com\/es\/wp-json\/wp\/v2\/media?parent=5728"}],"wp:term":[{"taxonomy":"product_brand","embeddable":true,"href":"https:\/\/catalog.hcrepresentations.com\/es\/wp-json\/wp\/v2\/product_brand?post=5728"},{"taxonomy":"product_cat","embeddable":true,"href":"https:\/\/catalog.hcrepresentations.com\/es\/wp-json\/wp\/v2\/product_cat?post=5728"},{"taxonomy":"product_tag","embeddable":true,"href":"https:\/\/catalog.hcrepresentations.com\/es\/wp-json\/wp\/v2\/product_tag?post=5728"}],"curies":[{"name":"wp","href":"https:\/\/api.w.org\/{rel}","templated":true}]}}